{"id":247,"date":"2025-06-06T15:34:46","date_gmt":"2025-06-06T15:34:46","guid":{"rendered":"https:\/\/ecomsphereusa.com\/emhirald\/my-account\/"},"modified":"2025-09-30T12:34:10","modified_gmt":"2025-09-30T17:34:10","slug":"my-account","status":"publish","type":"page","link":"https:\/\/auregems.com\/?page_id=247","title":{"rendered":"My account"},"content":{"rendered":"\t\t<div data-elementor-type=\"wp-page\" data-elementor-id=\"247\" class=\"elementor elementor-247\" data-elementor-settings=\"{&quot;ha_cmc_init_switcher&quot;:&quot;no&quot;}\" data-elementor-post-type=\"page\">\n\t\t\t\t<div class=\"elementor-element elementor-element-eaf8c35 e-flex e-con-boxed elementor-invisible e-con e-parent\" data-id=\"eaf8c35\" data-element_type=\"container\" data-settings=\"{&quot;background_background&quot;:&quot;classic&quot;,&quot;animation&quot;:&quot;fadeIn&quot;,&quot;_ha_eqh_enable&quot;:false}\">\n\t\t\t\t\t<div class=\"e-con-inner\">\n\t\t\t\t\t<\/div>\n\t\t\t\t<\/div>\n\t\t<div class=\"elementor-element elementor-element-796320f e-flex e-con-boxed e-con e-parent\" data-id=\"796320f\" data-element_type=\"container\" data-settings=\"{&quot;background_background&quot;:&quot;classic&quot;,&quot;_ha_eqh_enable&quot;:false}\">\n\t\t\t\t\t<div class=\"e-con-inner\">\n\t\t<div class=\"elementor-element elementor-element-4c6bc5d e-con-full e-flex e-con e-child\" data-id=\"4c6bc5d\" data-element_type=\"container\" data-settings=\"{&quot;background_background&quot;:&quot;classic&quot;,&quot;_ha_eqh_enable&quot;:false}\">\n\t\t\t\t<div class=\"elementor-element elementor-element-3c04c11 e-my-account-tabs-vertical elementor-widget elementor-widget-woocommerce-my-account\" data-id=\"3c04c11\" data-element_type=\"widget\" data-widget_type=\"woocommerce-my-account.default\">\n\t\t\t\t<div class=\"elementor-widget-container\">\n\t\t\t\t\t<div class=\"e-my-account-tab e-my-account-tab__ \">\t\t\t<div class=\"woocommerce\"><div class=\"woocommerce-notices-wrapper\"><\/div>\n\n<div class=\"xoo-el-form-container xoo-el-form-inline\" data-active=\"login\">\n\n\t\n\t\n\t\n<div class=\"xoo-el-header\">\n\t<ul class=\"xoo-el-tabs\">\n\t\t\n        \t\t  <li data-tab=\"login\" class=\"xoo-el-login-tgr\" style=\"order: 0 \">Acceder<\/li>\n        \n\t\t \n\t\t\t<li data-tab=\"register\" class=\"xoo-el-reg-tgr\" style=\"order: 1\">Registro<\/li>\n\t\t\n\t<\/ul>\n<\/div>\n\t\n\t\n\t\t\n\t\t\t\n\t\t<div data-section=\"login\" class=\"xoo-el-section\">\n\n\t\t\t<div class=\"xoo-el-fields\">\n\n\t\t\t\t<div class=\"xoo-el-notice\"><\/div>\n\t\t\t\t<form class=\"xoo-el-action-form xoo-el-form-login\">\n\n\t\t\t\t\t\n\t\t\t\t\t<div class=\"xoo-el-fields-cont\"><div class=\"xoo-aff-group xoo-aff-cont-text one xoo-aff-cont-required xoo-el-username_cont\"><div class=\"xoo-aff-input-group\"><span class=\"xoo-aff-input-icon fas fa-user-plus\"><\/span><input type=\"text\" class=\"xoo-aff-required xoo-aff-text\" name=\"xoo-el-username\" placeholder=\"Nombre de usuario \/ Correo electr\u00f3nico\"  value=\"\" required=\"\t\" autocomplete=\"username\"\/><\/div><\/div><div class=\"xoo-aff-group xoo-aff-cont-password one xoo-aff-cont-required xoo-el-password_cont\"><div class=\"xoo-aff-input-group\"><span class=\"xoo-aff-input-icon fas fa-key\"><\/span><input type=\"password\" class=\"xoo-aff-required xoo-aff-password\" name=\"xoo-el-password\" placeholder=\"Contrase\u00f1a\"  value=\"\" required=\"\t\" autocomplete=\"current-password\"\/><div class=\"xoo-aff-pw-toggle\">\n\t\t\t\t\t<span class=\"xoo-aff-pwtog-show\"><i class=\"far fa-eye\"><\/i><\/span>\n\t\t\t\t\t<span class=\"xoo-aff-pwtog-hide\"><i class=\"far fa-eye-slash\"><\/i><\/span>\n\t\t\t\t\t<\/div><\/div><\/div><\/div>\n<div class=\"xoo-aff-group xoo-el-login-btm-fields\">\n\t<label class=\"xoo-el-form-label\">\n\t\t<input type=\"checkbox\" name=\"xoo-el-rememberme\" value=\"forever\" \/>\n\t\t<span>Remember me<\/span>\n\t<\/label>\n\t<a class=\"xoo-el-lostpw-tgr\" rel=\"nofollow\" href=\"#\">Forgot Password?<\/a>\n<\/div>\n\n\n<input type=\"hidden\" name=\"_xoo_el_form\" value=\"login\">\n\n<button type=\"submit\" class=\"button btn xoo-el-action-btn xoo-el-login-btn\" >Acceder<\/button>\n\n<input type=\"hidden\" name=\"xoo_el_redirect\" value=\"https:\/\/ecomsphereusa.com\/emhirald\/?page_id=247\">\n\t\t\t\t\t\n\t\t\t\t<\/form>\n\n\t\t\t\t\r\n\t\r\n\t\r\n\r\n\t\r\n\t\n\t\t\t<\/div>\n\n\t\t<\/div>\n\n\t\n\t\t\t\n\t\t<div data-section=\"register\" class=\"xoo-el-section\">\n\n\t\t\t<div class=\"xoo-el-fields\">\n\n\t\t\t\t<div class=\"xoo-el-notice\"><\/div>\n\t\t\t\t<form class=\"xoo-el-action-form xoo-el-form-register\">\n\n\t\t\t\t\t\n\t\t\t\t\t<div class=\"xoo-el-fields-cont\"><div class=\"xoo-aff-group xoo-aff-cont-email one xoo-aff-cont-required xoo_el_reg_email_cont\"><div class=\"xoo-aff-input-group\"><span class=\"xoo-aff-input-icon fas fa-at\"><\/span><input type=\"email\" class=\"xoo-aff-required xoo-aff-email\" name=\"xoo_el_reg_email\" placeholder=\"Email\"  value=\"\" required=\"\t\" autocomplete=\"email\"\/><\/div><\/div><div class=\"xoo-aff-group xoo-aff-cont-text onehalf xoo-aff-cont-required xoo_el_reg_fname_cont\"><div class=\"xoo-aff-input-group\"><span class=\"xoo-aff-input-icon far fa-user\"><\/span><input type=\"text\" class=\"xoo-aff-required xoo-aff-text\" name=\"xoo_el_reg_fname\" placeholder=\"First Name\"  value=\"\" required=\"\t\"\/><\/div><\/div><div class=\"xoo-aff-group xoo-aff-cont-text onehalf xoo-aff-cont-required xoo_el_reg_lname_cont\"><div class=\"xoo-aff-input-group\"><span class=\"xoo-aff-input-icon far fa-user\"><\/span><input type=\"text\" class=\"xoo-aff-required xoo-aff-text\" name=\"xoo_el_reg_lname\" placeholder=\"Last Name\"  value=\"\" required=\"\t\"\/><\/div><\/div><div class=\"xoo-aff-group xoo-aff-cont-password one xoo-aff-cont-required xoo_el_reg_pass_cont\"><div class=\"xoo-aff-input-group\"><span class=\"xoo-aff-input-icon fas fa-key\"><\/span><input type=\"password\" class=\"xoo-aff-required xoo-aff-password\" name=\"xoo_el_reg_pass\" placeholder=\"Password\"  value=\"\" maxlength=\"20\" minlength=\"6\" required=\"\t\" autocomplete=\"new-password\"\/><div class=\"xoo-aff-pw-toggle\">\n\t\t\t\t\t<span class=\"xoo-aff-pwtog-show\"><i class=\"far fa-eye\"><\/i><\/span>\n\t\t\t\t\t<span class=\"xoo-aff-pwtog-hide\"><i class=\"far fa-eye-slash\"><\/i><\/span>\n\t\t\t\t\t<\/div><\/div><\/div><div class=\"xoo-aff-group xoo-aff-cont-password one xoo-aff-cont-required xoo_el_reg_pass_again_cont\"><div class=\"xoo-aff-input-group\"><span class=\"xoo-aff-input-icon fas fa-key\"><\/span><input type=\"password\" class=\"xoo-aff-required xoo-aff-password\" name=\"xoo_el_reg_pass_again\" placeholder=\"Confirm Password\"  value=\"\" required=\"\t\" autocomplete=\"new-password\"\/><div class=\"xoo-aff-pw-toggle\">\n\t\t\t\t\t<span class=\"xoo-aff-pwtog-show\"><i class=\"far fa-eye\"><\/i><\/span>\n\t\t\t\t\t<span class=\"xoo-aff-pwtog-hide\"><i class=\"far fa-eye-slash\"><\/i><\/span>\n\t\t\t\t\t<\/div><\/div><\/div><div class=\"xoo-aff-group xoo-aff-cont-checkbox_single one xoo-aff-cont-required xoo_el_reg_terms_cont\"><div class=\"xoo-aff-required xoo-aff-checkbox_single\"><label><input type=\"checkbox\" name=\"xoo_el_reg_terms\" class=\"xoo-aff-required xoo-aff-checkbox_single\" value=\"yes\" >I accept the <a href=\"privacy-policy\" target=\"_blank\"> Terms of Service and Privacy Policy <\/a><\/label><\/div><\/div><\/div>\n<input type=\"hidden\" name=\"_xoo_el_form\" value=\"register\">\n\n\n<button type=\"submit\" class=\"button btn xoo-el-action-btn xoo-el-register-btn\">Registro<\/button>\n\n<input type=\"hidden\" name=\"xoo_el_redirect\" value=\"https:\/\/ecomsphereusa.com\/emhirald\/?page_id=247\">\n\t\t\t\t\t\n\t\t\t\t<\/form>\n\n\t\t\t\t\r\n\t\r\n\t\r\n\r\n\t\r\n\t\n\t\t\t<\/div>\n\n\t\t<\/div>\n\n\t\n\t\t\t\n\t\t<div data-section=\"lostpw\" class=\"xoo-el-section\">\n\n\t\t\t<div class=\"xoo-el-fields\">\n\n\t\t\t\t<div class=\"xoo-el-notice\"><\/div>\n\t\t\t\t<form class=\"xoo-el-action-form xoo-el-form-lostpw\">\n\n\t\t\t\t\t\n\t\t\t\t\t\n\n<span class=\"xoo-el-form-txt\">Lost your password? Please enter your username or email address. You will receive a link to create a new password via email.<\/span>\n\n<div class=\"xoo-el-fields-cont\"><div class=\"xoo-aff-group xoo-aff-cont-text one xoo-aff-cont-required user_login_cont\"><div class=\"xoo-aff-input-group\"><span class=\"xoo-aff-input-icon fas fa-user-plus\"><\/span><input type=\"text\" class=\"xoo-aff-required xoo-aff-text\" name=\"user_login\" placeholder=\"Nombre de usuario \/ Correo electr\u00f3nico\"  value=\"\" required=\"\t\"\/><\/div><\/div><\/div>\n\n<input type=\"hidden\" name=\"_xoo_el_form\" value=\"lostPassword\">\n\n<input type=\"hidden\" name=\"_wp_http_referer\" value=\"\/index.php?rest_route=%2Fwp%2Fv2%2Fpages%2F247\" \/>\n<button type=\"submit\" class=\"button btn xoo-el-action-btn xoo-el-lostpw-btn\">Enviar el enlace para restablecer<\/button>\n\t\t\t\t\t\n\t\t\t\t<\/form>\n\n\t\t\t\t\r\n\t\r\n\t\r\n\r\n\t\r\n\t\n\t\t\t<\/div>\n\n\t\t<\/div>\n\n\t\n\t\n<\/div>\t\t\n<\/div>\t\t<\/div>\n\t\t\t\t\t\t<\/div>\n\t\t\t\t<\/div>\n\t\t\t\t<\/div>\n\t\t\t\t\t<\/div>\n\t\t\t\t<\/div>\n\t\t\t\t<\/div>\n\t\t","protected":false},"excerpt":{"rendered":"<p>Escritorio Pedidos Descargas Direcciones Detalles de la cuenta Cerrar sesi\u00f3n Hola Daniel Osorio (\u00bfno eres Daniel Osorio? Cerrar sesi\u00f3n) Desde el escritorio de tu cuenta puedes ver tus pedidos recientes, gestionar tus direcciones de env\u00edo y facturaci\u00f3n y editar tu contrase\u00f1a y los detalles de tu cuenta.<\/p>\n","protected":false},"author":1,"featured_media":0,"parent":0,"menu_order":0,"comment_status":"closed","ping_status":"closed","template":"","meta":{"footnotes":""},"class_list":["post-247","page","type-page","status-publish","hentry"],"yoast_head":"<!-- This site is optimized with the Yoast SEO plugin v25.6 - https:\/\/yoast.com\/wordpress\/plugins\/seo\/ -->\n<title>My account - Aure<\/title>\n<meta name=\"robots\" content=\"index, follow, max-snippet:-1, max-image-preview:large, max-video-preview:-1\" \/>\n<link rel=\"canonical\" href=\"https:\/\/auregems.com\/?page_id=247\" \/>\n<meta property=\"og:locale\" content=\"en_US\" \/>\n<meta property=\"og:type\" content=\"article\" \/>\n<meta property=\"og:title\" content=\"My account - Aure\" \/>\n<meta property=\"og:description\" content=\"Escritorio Pedidos Descargas Direcciones Detalles de la cuenta Cerrar sesi\u00f3n Hola Daniel Osorio (\u00bfno eres Daniel Osorio? Cerrar sesi\u00f3n) Desde el escritorio de tu cuenta puedes ver tus pedidos recientes, gestionar tus direcciones de env\u00edo y facturaci\u00f3n y editar tu contrase\u00f1a y los detalles de tu cuenta.\" \/>\n<meta property=\"og:url\" content=\"https:\/\/auregems.com\/?page_id=247\" \/>\n<meta property=\"og:site_name\" content=\"Aure\" \/>\n<meta property=\"article:modified_time\" content=\"2025-09-30T17:34:10+00:00\" \/>\n<meta name=\"twitter:card\" content=\"summary_large_image\" \/>\n<meta name=\"twitter:label1\" content=\"Est. reading time\" \/>\n\t<meta name=\"twitter:data1\" content=\"2 minutes\" \/>\n<script type=\"application\/ld+json\" class=\"yoast-schema-graph\">{\"@context\":\"https:\/\/schema.org\",\"@graph\":[{\"@type\":\"WebPage\",\"@id\":\"https:\/\/auregems.com\/?page_id=247\",\"url\":\"https:\/\/auregems.com\/?page_id=247\",\"name\":\"My account - Aure\",\"isPartOf\":{\"@id\":\"https:\/\/auregems.com\/#website\"},\"datePublished\":\"2025-06-06T15:34:46+00:00\",\"dateModified\":\"2025-09-30T17:34:10+00:00\",\"breadcrumb\":{\"@id\":\"https:\/\/auregems.com\/?page_id=247#breadcrumb\"},\"inLanguage\":\"en-US\",\"potentialAction\":[{\"@type\":\"ReadAction\",\"target\":[\"https:\/\/auregems.com\/?page_id=247\"]}]},{\"@type\":\"BreadcrumbList\",\"@id\":\"https:\/\/auregems.com\/?page_id=247#breadcrumb\",\"itemListElement\":[{\"@type\":\"ListItem\",\"position\":1,\"name\":\"Home\",\"item\":\"https:\/\/auregems.com\/\"},{\"@type\":\"ListItem\",\"position\":2,\"name\":\"My account\"}]},{\"@type\":\"WebSite\",\"@id\":\"https:\/\/auregems.com\/#website\",\"url\":\"https:\/\/auregems.com\/\",\"name\":\"Aure\",\"description\":\"Venta de esmeraldas certificadas\",\"publisher\":{\"@id\":\"https:\/\/auregems.com\/#organization\"},\"potentialAction\":[{\"@type\":\"SearchAction\",\"target\":{\"@type\":\"EntryPoint\",\"urlTemplate\":\"https:\/\/auregems.com\/?s={search_term_string}\"},\"query-input\":{\"@type\":\"PropertyValueSpecification\",\"valueRequired\":true,\"valueName\":\"search_term_string\"}}],\"inLanguage\":\"en-US\"},{\"@type\":\"Organization\",\"@id\":\"https:\/\/auregems.com\/#organization\",\"name\":\"Aure\",\"url\":\"https:\/\/auregems.com\/\",\"logo\":{\"@type\":\"ImageObject\",\"inLanguage\":\"en-US\",\"@id\":\"https:\/\/auregems.com\/#\/schema\/logo\/image\/\",\"url\":\"https:\/\/auregems.com\/wp-content\/uploads\/sites\/9\/2024\/10\/aure-01.png\",\"contentUrl\":\"https:\/\/auregems.com\/wp-content\/uploads\/sites\/9\/2024\/10\/aure-01.png\",\"width\":300,\"height\":80,\"caption\":\"Aure\"},\"image\":{\"@id\":\"https:\/\/auregems.com\/#\/schema\/logo\/image\/\"}}]}<\/script>\n<!-- \/ Yoast SEO plugin. -->","yoast_head_json":{"title":"My account - Aure","robots":{"index":"index","follow":"follow","max-snippet":"max-snippet:-1","max-image-preview":"max-image-preview:large","max-video-preview":"max-video-preview:-1"},"canonical":"https:\/\/auregems.com\/?page_id=247","og_locale":"en_US","og_type":"article","og_title":"My account - Aure","og_description":"Escritorio Pedidos Descargas Direcciones Detalles de la cuenta Cerrar sesi\u00f3n Hola Daniel Osorio (\u00bfno eres Daniel Osorio? Cerrar sesi\u00f3n) Desde el escritorio de tu cuenta puedes ver tus pedidos recientes, gestionar tus direcciones de env\u00edo y facturaci\u00f3n y editar tu contrase\u00f1a y los detalles de tu cuenta.","og_url":"https:\/\/auregems.com\/?page_id=247","og_site_name":"Aure","article_modified_time":"2025-09-30T17:34:10+00:00","twitter_card":"summary_large_image","twitter_misc":{"Est. reading time":"2 minutes"},"schema":{"@context":"https:\/\/schema.org","@graph":[{"@type":"WebPage","@id":"https:\/\/auregems.com\/?page_id=247","url":"https:\/\/auregems.com\/?page_id=247","name":"My account - Aure","isPartOf":{"@id":"https:\/\/auregems.com\/#website"},"datePublished":"2025-06-06T15:34:46+00:00","dateModified":"2025-09-30T17:34:10+00:00","breadcrumb":{"@id":"https:\/\/auregems.com\/?page_id=247#breadcrumb"},"inLanguage":"en-US","potentialAction":[{"@type":"ReadAction","target":["https:\/\/auregems.com\/?page_id=247"]}]},{"@type":"BreadcrumbList","@id":"https:\/\/auregems.com\/?page_id=247#breadcrumb","itemListElement":[{"@type":"ListItem","position":1,"name":"Home","item":"https:\/\/auregems.com\/"},{"@type":"ListItem","position":2,"name":"My account"}]},{"@type":"WebSite","@id":"https:\/\/auregems.com\/#website","url":"https:\/\/auregems.com\/","name":"Aure","description":"Venta de esmeraldas certificadas","publisher":{"@id":"https:\/\/auregems.com\/#organization"},"potentialAction":[{"@type":"SearchAction","target":{"@type":"EntryPoint","urlTemplate":"https:\/\/auregems.com\/?s={search_term_string}"},"query-input":{"@type":"PropertyValueSpecification","valueRequired":true,"valueName":"search_term_string"}}],"inLanguage":"en-US"},{"@type":"Organization","@id":"https:\/\/auregems.com\/#organization","name":"Aure","url":"https:\/\/auregems.com\/","logo":{"@type":"ImageObject","inLanguage":"en-US","@id":"https:\/\/auregems.com\/#\/schema\/logo\/image\/","url":"https:\/\/auregems.com\/wp-content\/uploads\/sites\/9\/2024\/10\/aure-01.png","contentUrl":"https:\/\/auregems.com\/wp-content\/uploads\/sites\/9\/2024\/10\/aure-01.png","width":300,"height":80,"caption":"Aure"},"image":{"@id":"https:\/\/auregems.com\/#\/schema\/logo\/image\/"}}]}},"_links":{"self":[{"href":"https:\/\/auregems.com\/index.php?rest_route=\/wp\/v2\/pages\/247","targetHints":{"allow":["GET"]}}],"collection":[{"href":"https:\/\/auregems.com\/index.php?rest_route=\/wp\/v2\/pages"}],"about":[{"href":"https:\/\/auregems.com\/index.php?rest_route=\/wp\/v2\/types\/page"}],"author":[{"embeddable":true,"href":"https:\/\/auregems.com\/index.php?rest_route=\/wp\/v2\/users\/1"}],"replies":[{"embeddable":true,"href":"https:\/\/auregems.com\/index.php?rest_route=%2Fwp%2Fv2%2Fcomments&post=247"}],"version-history":[{"count":132,"href":"https:\/\/auregems.com\/index.php?rest_route=\/wp\/v2\/pages\/247\/revisions"}],"predecessor-version":[{"id":1919,"href":"https:\/\/auregems.com\/index.php?rest_route=\/wp\/v2\/pages\/247\/revisions\/1919"}],"wp:attachment":[{"href":"https:\/\/auregems.com\/index.php?rest_route=%2Fwp%2Fv2%2Fmedia&parent=247"}],"curies":[{"name":"wp","href":"https:\/\/api.w.org\/{rel}","templated":true}]}}